{"id":1964,"date":"2021-12-30T14:27:45","date_gmt":"2021-12-30T14:27:45","guid":{"rendered":"http:\/\/angies-studios.gr\/amenagements\/"},"modified":"2024-02-13T11:34:49","modified_gmt":"2024-02-13T11:34:49","slug":"amenagements","status":"publish","type":"page","link":"https:\/\/angies-studios.gr\/fr\/amenagements\/","title":{"rendered":"AMENAGEMENTS"},"content":{"rendered":"<div class=\"wpb-content-wrapper\"><p>[vc_row][vc_column][stm_spacer height=\u00a0\u00bb40&Prime; height_tablet=\u00a0\u00bb30&Prime; height_mobile=\u00a0\u00bb20&Prime;][\/vc_column][\/vc_row][vc_row equal_height=\u00a0\u00bbyes\u00a0\u00bb content_placement=\u00a0\u00bbmiddle\u00a0\u00bb shadow_x_offset=\u00a0\u00bb0&Prime; shadow_y_offset=\u00a0\u00bb0&Prime; shadow_blur=\u00a0\u00bb0&Prime; shadow_spread=\u00a0\u00bb0&Prime;][vc_column width=\u00a0\u00bb1\/3&Prime;][vc_custom_heading text=\u00a0\u00bbBienvenue<br \/>\na<br \/>\nAngie&rsquo;s Studios\u00a0\u00bb font_container=\u00a0\u00bbtag:h2|font_size:40px|text_align:center|line_height:47px\u00a0\u00bb use_theme_fonts=\u00a0\u00bbyes\u00a0\u00bb][vc_row_inner css=\u00a0\u00bb.vc_custom_1707824065024{margin-right: 0px !important;margin-left: 0px !important;background-image: url(https:\/\/angies-studios.gr\/wp-content\/uploads\/2022\/01\/triple-3.jpg?id=3489) !important;background-position: center !important;background-repeat: no-repeat !important;background-size: cover !important;}\u00a0\u00bb][vc_column_inner][stm_spacer height=\u00a0\u00bb84&Prime; height_tablet=\u00a0\u00bb60&Prime; height_mobile=\u00a0\u00bb40&Prime;][stm_spacer height=\u00a0\u00bb200&Prime; height_tablet=\u00a0\u00bb20&Prime; height_mobile=\u00a0\u00bb10&Prime;][stm_spacer height=\u00a0\u00bb100&Prime; height_tablet=\u00a0\u00bb10&Prime; height_mobile=\u00a0\u00bb10&Prime;][stm_spacer height=\u00a0\u00bb70&Prime; height_tablet=\u00a0\u00bb60&Prime; height_mobile=\u00a0\u00bb40&Prime;][\/vc_column_inner][\/vc_row_inner][stm_spacer height=\u00a0\u00bb100&Prime; height_tablet=\u00a0\u00bb10&Prime; height_mobile=\u00a0\u00bb10&Prime;][vc_row_inner css=\u00a0\u00bb.vc_custom_1707824085063{margin-right: 0px !important;margin-left: 0px !important;background-image: url(https:\/\/angies-studios.gr\/wp-content\/uploads\/2022\/01\/triple-room.jpg?id=3360) !important;background-position: center !important;background-repeat: no-repeat !important;background-size: cover !important;}\u00a0\u00bb][vc_column_inner][stm_spacer height=\u00a0\u00bb84&Prime; height_tablet=\u00a0\u00bb60&Prime; height_mobile=\u00a0\u00bb40&Prime;][stm_spacer height=\u00a0\u00bb200&Prime; height_tablet=\u00a0\u00bb20&Prime; height_mobile=\u00a0\u00bb10&Prime;][stm_spacer height=\u00a0\u00bb100&Prime; height_tablet=\u00a0\u00bb10&Prime; height_mobile=\u00a0\u00bb10&Prime;][stm_spacer height=\u00a0\u00bb70&Prime; height_tablet=\u00a0\u00bb60&Prime; height_mobile=\u00a0\u00bb40&Prime;][\/vc_column_inner][\/vc_row_inner][\/vc_column][vc_column width=\u00a0\u00bb2\/3&Prime;][vc_column_text]<\/p>\n<div class=\"itemBody\">\n<div class=\"itemFullText\">\n<p>Angies Studios (Paros Chambres a louer) vous accueille et vous souhaite un agreable sejour dans notre belle ile au c?ur de Cyclades.<\/p>\n<p>L&rsquo;endroit ideal ou se trouve \u00ab\u00a0les studios de Angie\u00a0\u00bb offre a ses clients la possibilite de profiter de son jardin et cour traditionnelle certains moments de serenite tout en offrant un acces tres facile et rapide au centre de Paroikia. Les rues traditionnelles et pittoresques de Chora et de la plage de Parikia avec les magasins bondes, restaurants et cafes sont a seulement quelques metres de nos studios.<\/p>\n<p>La cour traditionnelle de \u00ab\u00a0studios de Angie\u00a0\u00bb permet aux visiteurs de profiter de la celebre rue pavee Cyclades, tandis que de jasmin et de basilic inondations avec Grec odeurs, estampage vos vacances dans l&rsquo;ile cosmopolite. Le jardin unique sur l&rsquo;autre main est peint les vacances de l&rsquo;invite avec des couleurs &#8230; Pheniciens, Arokaries, bougainvillees, fleurs de nuit et les geraniums sont repartis tout autour du joli jardin. Les visiteurs peuvent profiter de la verdure de la nature dans l&rsquo;un des tableaux ou la chaleur du soleil sur un transat. Ce est une veritable oasis dans le centre de Parikia.<\/p>\n<p>Que vous choisissez un Hotel a Paros, soit Angies Studios, les services seront a la fois special et unique que notre personnel se assurera que vous aurez un merveilleux sejour, et feront de votre voyage a Parikia Paros et irremplacable.<\/p>\n<p>Les studios doubles, sont spacieuses, confortables et meublees de facon traditionnelle, avec une kitchenette equipee permettant ainsi de preparer le petit dejeuner et le dejeuner. Dans la terrasse privee et spacieuse il ya une table avec des chaises. L&rsquo;espace permet un lit d&rsquo;appoint ou un lit de bebe dans le cas des enfants.<\/p>\n<p>Le deux-pieces au dernier etage est ideal pour 4 personnes ou une famille avec deux enfants. Dans une chambre il ya un lit double, tandis que dans la deuxieme il ya deux lits et cuisine integree. Chaque chambre dispose de sa propre terrasse.<\/p>\n<p>Le nettoyage des locaux est excellente en est fait dans quotidiennement.<\/p>\n<p>Dans l&rsquo;entreprise familiale de \u00abAngies studios\u00ab environnement est tres sympathique et serviable. Vos vacances dans les studios de Angie vous laissera la meilleure impression et ils vous remplir de souvenirs avec de beaux moments et des images de l&rsquo;ile de Paros.<\/p>\n<\/div>\n<\/div>\n<p>[\/vc_column_text][\/vc_column][\/vc_row][vc_row][vc_column][stm_spacer height=\u00a0\u00bb80&Prime; height_tablet=\u00a0\u00bb50&Prime; height_mobile=\u00a0\u00bb30&Prime;][\/vc_column][\/vc_row][vc_row][vc_column width=\u00a0\u00bb1\/3&Prime;][vc_single_image image=\u00a0\u00bb1885&Prime; img_size=\u00a0\u00bb370&#215;450&Prime; alignment=\u00a0\u00bbcenter\u00a0\u00bb onclick=\u00a0\u00bblink_image\u00a0\u00bb css_animation=\u00a0\u00bbnone\u00a0\u00bb][stm_spacer height=\u00a0\u00bb30&Prime; height_tablet=\u00a0\u00bb20&Prime; height_mobile=\u00a0\u00bb10&Prime;][\/vc_column][vc_column width=\u00a0\u00bb1\/3&Prime;][vc_single_image image=\u00a0\u00bb1881&Prime; img_size=\u00a0\u00bb370&#215;450&Prime; alignment=\u00a0\u00bbcenter\u00a0\u00bb onclick=\u00a0\u00bblink_image\u00a0\u00bb][stm_spacer height=\u00a0\u00bb30&Prime; height_tablet=\u00a0\u00bb20&Prime; height_mobile=\u00a0\u00bb10&Prime;][\/vc_column][vc_column width=\u00a0\u00bb1\/3&Prime;][vc_single_image image=\u00a0\u00bb1873&Prime; img_size=\u00a0\u00bb370&#215;450&Prime; alignment=\u00a0\u00bbcenter\u00a0\u00bb onclick=\u00a0\u00bblink_image\u00a0\u00bb][stm_spacer height=\u00a0\u00bb30&Prime; height_tablet=\u00a0\u00bb20&Prime; height_mobile=\u00a0\u00bb10&Prime;][\/vc_column][\/vc_row][vc_row][vc_column][stm_spacer height=\u00a0\u00bb20&Prime; height_tablet=\u00a0\u00bb20&Prime; height_mobile=\u00a0\u00bb10&Prime;][\/vc_column][\/vc_row][vc_row shadow_x_offset=\u00a0\u00bb0&Prime; shadow_y_offset=\u00a0\u00bb0&Prime; shadow_blur=\u00a0\u00bb0&Prime; shadow_spread=\u00a0\u00bb0&Prime;][vc_column width=\u00a0\u00bb2\/3&Prime;][vc_column_text]Les Studios Angie sont situ\u00e9s dans le village traditionnel de Parikia de Paros L&#8217;emplacement id\u00e9al offre un acc\u00e8s facile au centre-ville (150m. De la plage de Kato Gialos, \u00e0 100m du march\u00e9 et 400 m. Du port).<\/p>\n<p>Les Studios Angie sont construites dans le respect absolu du style architectural des Cyclades, avec une cour traditionnelle et jardin qui offre des moments uniques de d\u00e9tente \u00e0 ses clients.<\/p>\n<p>Tous les studios offrent:[\/vc_column_text][vc_column_text css=\u00a0\u00bb.vc_custom_1642770774971{background-color: #eaeaea !important;}\u00a0\u00bb]<\/p>\n<ul>\n<li><span id=\"result_box\" lang=\"fr\"><span class=\"hps\">Cuisine enti\u00e8rement \u00e9quip\u00e9e<\/span>\u00a0<span class=\"hps atn\">(<\/span>plaques \u00e9lectriques, <span class=\"hps\">r\u00e9frig\u00e9rateur<\/span>,\u00a0<span class=\"hps\">bouilloire, cafeti\u00e8re<\/span>,\u00a0<span class=\"hps\">grille-pain<\/span>)<\/span><\/li>\n<li><span id=\"result_box\" lang=\"fr\"><span class=\"hps\">Air<\/span>\u00a0<span class=\"hps\">conditionn\u00e9<\/span>\u00a0<span class=\"hps\">(A \/ C<\/span>)<\/span><\/li>\n<li><span id=\"result_box\" lang=\"fr\"><span class=\"hps\">TV<\/span><\/span><\/li>\n<li><span id=\"result_box\" lang=\"fr\"><span class=\"hps\">Terrasse priv\u00e9e<\/span><\/span><\/li>\n<li><span id=\"result_box\" lang=\"fr\"><span class=\"hps atn\">Salle de bain (<\/span>s\u00e8che-cheveux)<\/span><\/li>\n<li><span id=\"result_box\" lang=\"fr\"><span class=\"hps\">Clean Service<\/span>\u00a0<span class=\"hps\">quotidien<\/span><\/span><\/li>\n<li><span id=\"result_box\" lang=\"fr\"><span class=\"hps\">Une connexion Wi<\/span>-Fi<\/span><\/li>\n<li><span id=\"result_box\" lang=\"fr\"><span class=\"hps\">Parking municipal<\/span>\u00a0<span class=\"hps\">gratuit<\/span>\u00a0<span class=\"hps atn\">(<\/span>sur une distance de\u00a0<span class=\"hps\">60<\/span>\u00a0<span class=\"hps\">m<\/span>.)<\/span><\/li>\n<li><span lang=\"fr\"><span class=\"hps\">Transfert de \/ vers le port \/ a\u00e9roport sur accord<\/span><\/span><\/li>\n<li><span id=\"result_box\" lang=\"fr\"><span class=\"hps\">R\u00e9servations pour<\/span>\u00a0<span class=\"hps\">croisi\u00e8re<\/span>\u00a0<span class=\"hps\">quotidienne<\/span>\u00a0<span class=\"hps\">autour des \u00eeles<\/span><\/span><\/li>\n<li><span class=\"hps\">Biblioth\u00e8que de pr\u00eat<\/span><\/li>\n<\/ul>\n<p>[\/vc_column_text][vc_column_text]<\/p>\n<div class=\"itemBody\">\n<div class=\"itemFullText\">\n<p><span id=\"result_box\" lang=\"fr\"><span class=\"hps\">Toutes les cartes<\/span>\u00a0<span class=\"hps\">de cr\u00e9dit sont accept\u00e9es<\/span>.<\/span><\/p>\n<\/div>\n<\/div>\n<p>[\/vc_column_text][\/vc_column][vc_column width=\u00a0\u00bb1\/3&Prime; shadow_x_offset=\u00a0\u00bb0&Prime; shadow_y_offset=\u00a0\u00bb0&Prime; shadow_blur=\u00a0\u00bb0&Prime; shadow_spread=\u00a0\u00bb0&Prime; shadow_color=\u00a0\u00bb\u00a0\u00bb][stm_spacer height=\u00a0\u00bb100&Prime; height_tablet=\u00a0\u00bb10&Prime; height_mobile=\u00a0\u00bb10&Prime;][vc_row_inner css=\u00a0\u00bb.vc_custom_1640274982960{margin-right: 0px !important;margin-left: 0px !important;background-image: url(http:\/\/angies-studios.gr\/wp-content\/uploads\/2021\/12\/alx2858-1.jpg?id=1460) !important;background-position: center !important;background-repeat: no-repeat !important;background-size: cover !important;}\u00a0\u00bb][vc_column_inner][stm_spacer height=\u00a0\u00bb184&Prime; height_tablet=\u00a0\u00bb60&Prime; height_mobile=\u00a0\u00bb40&Prime;][stm_spacer height=\u00a0\u00bb200&Prime; height_tablet=\u00a0\u00bb20&Prime; height_mobile=\u00a0\u00bb10&Prime;][stm_spacer height=\u00a0\u00bb100&Prime; height_tablet=\u00a0\u00bb10&Prime; height_mobile=\u00a0\u00bb10&Prime;][stm_spacer height=\u00a0\u00bb70&Prime; height_tablet=\u00a0\u00bb60&Prime; height_mobile=\u00a0\u00bb40&Prime;][\/vc_column_inner][\/vc_row_inner][\/vc_column][\/vc_row][vc_row][vc_column][stm_spacer height=\u00a0\u00bb70&Prime; height_tablet=\u00a0\u00bb50&Prime; height_mobile=\u00a0\u00bb30&Prime;][\/vc_column][\/vc_row]<\/p>\n<\/div>","protected":false},"excerpt":{"rendered":"<p>[vc_row][vc_column][stm_spacer height=\u00a0\u00bb40&Prime; height_tablet=\u00a0\u00bb30&Prime; height_mobile=\u00a0\u00bb20&Prime;][\/vc_column][\/vc_row][vc_row equal_height=\u00a0\u00bbyes\u00a0\u00bb content_placement=\u00a0\u00bbmiddle\u00a0\u00bb shadow_x_offset=\u00a0\u00bb0&Prime; shadow_y_offset=\u00a0\u00bb0&Prime; shadow_blur=\u00a0\u00bb0&Prime; shadow_spread=\u00a0\u00bb0&Prime;][vc_column width=\u00a0\u00bb1\/3&Prime;][vc_custom_heading text=\u00a0\u00bbBienvenue a Angie&rsquo;s Studios\u00a0\u00bb font_container=\u00a0\u00bbtag:h2|font_size:40px|text_align:center|line_height:47px\u00a0\u00bb use_theme_fonts=\u00a0\u00bbyes\u00a0\u00bb][vc_row_inner css=\u00a0\u00bb.vc_custom_1707824065024{margin-right: 0px !important;margin-left: 0px !important;background-image: url(https:\/\/angies-studios.gr\/wp-content\/uploads\/2022\/01\/triple-3.jpg?id=3489) !important;background-position: center !important;background-repeat: no-repeat !important;background-size: cover !important;}\u00a0\u00bb][vc_column_inner][stm_spacer height=\u00a0\u00bb84&Prime; height_tablet=\u00a0\u00bb60&Prime; height_mobile=\u00a0\u00bb40&Prime;][stm_spacer height=\u00a0\u00bb200&Prime; height_tablet=\u00a0\u00bb20&Prime; height_mobile=\u00a0\u00bb10&Prime;][stm_spacer height=\u00a0\u00bb100&Prime; height_tablet=\u00a0\u00bb10&Prime; height_mobile=\u00a0\u00bb10&Prime;][stm_spacer height=\u00a0\u00bb70&Prime; height_tablet=\u00a0\u00bb60&Prime; height_mobile=\u00a0\u00bb40&Prime;][\/vc_column_inner][\/vc_row_inner][stm_spacer height=\u00a0\u00bb100&Prime; height_tablet=\u00a0\u00bb10&Prime; height_mobile=\u00a0\u00bb10&Prime;][vc_row_inner css=\u00a0\u00bb.vc_custom_1707824085063{margin-right: 0px !important;margin-left: 0px !important;background-image: url(https:\/\/angies-studios.gr\/wp-content\/uploads\/2022\/01\/triple-room.jpg?id=3360) !important;background-position: center !important;background-repeat: no-repeat [&hellip;]<\/p>\n","protected":false},"author":1,"featured_media":0,"parent":0,"menu_order":0,"comment_status":"closed","ping_status":"closed","template":"","meta":{"footnotes":""},"class_list":["post-1964","page","type-page","status-publish","hentry"],"aioseo_notices":[],"_links":{"self":[{"href":"https:\/\/angies-studios.gr\/fr\/wp-json\/wp\/v2\/pages\/1964","targetHints":{"allow":["GET"]}}],"collection":[{"href":"https:\/\/angies-studios.gr\/fr\/wp-json\/wp\/v2\/pages"}],"about":[{"href":"https:\/\/angies-studios.gr\/fr\/wp-json\/wp\/v2\/types\/page"}],"author":[{"embeddable":true,"href":"https:\/\/angies-studios.gr\/fr\/wp-json\/wp\/v2\/users\/1"}],"replies":[{"embeddable":true,"href":"https:\/\/angies-studios.gr\/fr\/wp-json\/wp\/v2\/comments?post=1964"}],"version-history":[{"count":0,"href":"https:\/\/angies-studios.gr\/fr\/wp-json\/wp\/v2\/pages\/1964\/revisions"}],"wp:attachment":[{"href":"https:\/\/angies-studios.gr\/fr\/wp-json\/wp\/v2\/media?parent=1964"}],"curies":[{"name":"wp","href":"https:\/\/api.w.org\/{rel}","templated":true}]}}